{"id":10,"date":"2022-05-10T13:04:57","date_gmt":"2022-05-10T11:04:57","guid":{"rendered":"http:\/\/kotiuszko.pl\/?page_id=10"},"modified":"2022-05-10T17:59:32","modified_gmt":"2022-05-10T15:59:32","slug":"psycholog","status":"publish","type":"page","link":"https:\/\/kotiuszko.pl\/?page_id=10","title":{"rendered":"Psycholog"},"content":{"rendered":"\n<p>Jestem psychologiem, terapeut\u0105, od 3 lat mieszkam w Hiszpanii i ostatnimi czasy przewa\u017caj\u0105ca liczba os\u00f3b w moim gabinecie to POLACY, kt\u00f3rzy zdecydowali si\u0119 na przeprowadzk\u0119 do Andaluzji.<\/p>\n\n\n\n<p>Czasami przeprowadzka jest z Polski. Czasami jest to kolejna przeprowadzka z UK, Niemiec czy Norwegii. Przeprowadzaj\u0105 si\u0119 doro\u015bli i przeprowadzane s\u0105 dzieci.<\/p>\n\n\n\n<p><strong>Czym si\u0119 konkretnie zajmuj\u0119?<\/strong><strong><\/strong><\/p>\n\n\n\n<ol class=\"wp-block-list\" type=\"1\"><li><strong>Je\u015bli jest jeszcze czas, pomagam w przygotowaniu si\u0119 do przeprowadzki.\u00a0<\/strong><br>&#8211; pomagam doros\u0142ym zrozumie\u0107 to, co si\u0119 z nimi dzieje;<br>&#8211; pomagam doros\u0142ym zrozumie\u0107 to, co si\u0119 dzieje z ich dzie\u0107mi, jak wygl\u0105da przeprowadzka oczami dziecka;<br>&#8211; pomagam dzieciom oswoi\u0107 si\u0119 ze zmian\u0105 miejsca zamieszkania, ze sprzeda\u017c\u0105 domu, ze zmian\u0105 szko\u0142y, ze zamian\u0105 kontakt\u00f3w z dotychczasowymi przyjaci\u00f3\u0142mi na kontakt online<br>&#8211; pomagam przygotowa\u0107 plan przeprowadzki dla ca\u0142ej rodziny\u00a0<br><\/li><li><strong>Towarzysz\u0119 doros\u0142ym w pocz\u0105tkowej fazie zmiany.<\/strong>\u00a0Porz\u0105dkujemy emocje, przekuwamy je w dzia\u0142ania, robimy plany, radzimy sobie z codzienno\u015bci\u0105, pracujemy nad uwa\u017cno\u015bci\u0105.<br><\/li><li><strong>Towarzysz\u0119 dzieciom w procesie zmiany.<\/strong>\u00a0Oswajamy now\u0105 rzeczywisto\u015b\u0107, nazywamy emocje, poszukujemy pozytyw\u00f3w, rozwi\u0105zujemy codzienne problemy, wsp\u00f3lnie stawiamy cele.<br><\/li><li><strong>PROWADZ\u0118 TERAPI\u0118 KR\u00d3TKOTERMINOW\u0104 ZORIENTOWAN\u0104 NA CEL I POSZUKIWANIE ROZWI\u0104ZA\u0143<br><\/strong>&#8211; czasami zmiana\/przeprowadzka jest ucieczk\u0105, czasami jest uleg\u0142o\u015bci\u0105, czasami wspania\u0142\u0105 przygod\u0105, kt\u00f3ra rozczarowa\u0142a;\u00a0<br>&#8211; czasami zwi\u0105zek mocno si\u0119 chwieje w zawirowaniach nowych okoliczno\u015bci, trudno\u015bci, poszukiwaniu pracy;<br>&#8211; czasami rodzice staj\u0105 si\u0119 bezradnymi, nie potrafi\u0105c pom\u00f3c swoim dzieciom odnale\u017a\u0107 si\u0119 po przeprowadzce;<br>&#8211; czasami ludzie (w ka\u017cdym wieku) nie zmieniaj\u0105 swoich oczekiwa\u0144 w stosunku do najbli\u017cszych, pomimo tego, \u017ce dooko\u0142a zmieni\u0142o si\u0119 wszystko.<\/li><\/ol>\n","protected":false},"excerpt":{"rendered":"<p>Jestem psychologiem, terapeut\u0105, od 3 lat mieszkam w Hiszpanii i ostatnimi czasy przewa\u017caj\u0105ca liczba os\u00f3b w moim gabinecie to POLACY, kt\u00f3rzy zdecydowali si\u0119 na przeprowadzk\u0119 do Andaluzji. Czasami przeprowadzka jest &#8230;<\/p>\n","protected":false},"author":1,"featured_media":0,"parent":0,"menu_order":0,"comment_status":"closed","ping_status":"closed","template":"","meta":{"footnotes":""},"class_list":["post-10","page","type-page","status-publish","hentry"],"_links":{"self":[{"href":"https:\/\/kotiuszko.pl\/index.php?rest_route=\/wp\/v2\/pages\/10","targetHints":{"allow":["GET"]}}],"collection":[{"href":"https:\/\/kotiuszko.pl\/index.php?rest_route=\/wp\/v2\/pages"}],"about":[{"href":"https:\/\/kotiuszko.pl\/index.php?rest_route=\/wp\/v2\/types\/page"}],"author":[{"embeddable":true,"href":"https:\/\/kotiuszko.pl\/index.php?rest_route=\/wp\/v2\/users\/1"}],"replies":[{"embeddable":true,"href":"https:\/\/kotiuszko.pl\/index.php?rest_route=%2Fwp%2Fv2%2Fcomments&post=10"}],"version-history":[{"count":2,"href":"https:\/\/kotiuszko.pl\/index.php?rest_route=\/wp\/v2\/pages\/10\/revisions"}],"predecessor-version":[{"id":1487,"href":"https:\/\/kotiuszko.pl\/index.php?rest_route=\/wp\/v2\/pages\/10\/revisions\/1487"}],"wp:attachment":[{"href":"https:\/\/kotiuszko.pl\/index.php?rest_route=%2Fwp%2Fv2%2Fmedia&parent=10"}],"curies":[{"name":"wp","href":"https:\/\/api.w.org\/{rel}","templated":true}]}}