{"id":8,"date":"2022-05-10T13:04:56","date_gmt":"2022-05-10T11:04:56","guid":{"rendered":"http:\/\/kotiuszko.pl\/?page_id=8"},"modified":"2022-05-10T15:48:19","modified_gmt":"2022-05-10T13:48:19","slug":"bajki-terapeutyczne","status":"publish","type":"page","link":"https:\/\/kotiuszko.pl\/?page_id=8","title":{"rendered":"Bajki terapeutyczne"},"content":{"rendered":"\n<p>Bajka terapeutyczna, to bajka kt\u00f3rej zadaniem jest zaopiekowa\u0107 si\u0119 problemem dziecka oraz pom\u00f3c opiekunom we wsp\u00f3lnym rozwi\u0105zaniu problemu razem z dzieckiem.<\/p>\n\n\n\n<p>Napisanie bajki poprzedza rozmowa autorki z opiekunem dziecka.<\/p>\n\n\n\n<p>Dopytuj\u0119 wtedy o szczeg\u00f3\u0142y problemu oraz o ulubione \u015bwiaty i bohater\u00f3w dziecka.<\/p>\n\n\n\n<p><strong>Sama bajka sk\u0142ada si\u0119 zwykle z 15-20 stron i zawiera:<\/strong><\/p>\n\n\n\n<p><strong>1. Ok\u0142adk\u0119 imiennie dedykowan\u0105 dziecku<\/strong><\/p>\n\n\n\n<p><strong>2. Tre\u015bci bajki wraz z ilustracjami<\/strong><\/p>\n\n\n\n<p><strong>3. Cz\u0119\u015bci merytoryczn\u0105, czyli:<\/strong><\/p>\n\n\n\n<p>&#8211; pytania i zadania do przerobienia z dzieckiem po przeczytaniu bajki<\/p>\n\n\n\n<p>&#8211; miniwyk\u0142ad dla opiekun\u00f3w o mo\u017cliwej genezie problemu i codziennych metodach pracy z dzieckiem<\/p>\n\n\n\n<p>Ca\u0142a bajka jest zapisana w pliku pdf i po 3-4 dniach od rozmowy z opiekunem trafia do skrzynki mailowej nabywcy<\/p>\n\n\n\n<p>Przyk\u0142adowe tematy, kt\u00f3re do tej pory realizowa\u0142am dla dzieci w wieku 3-12 lat<\/p>\n\n\n\n<ul class=\"wp-block-list\"><li>l\u0119k przed ciemno\u015bci\u0105<\/li><li>l\u0119k przed samodzielnym pozostaniem w pokoju<\/li><li>ogromna nie\u015bmia\u0142o\u015b\u0107 dziecka<\/li><li>pobyt w szpitalu rodzica<\/li><li>diagnoza nowotworowa dziecka<\/li><li>diagnoza nowotworowa rodzica<\/li><li>planowany pobyt w szpitalu dziecka<\/li><li>uzale\u017cnienie od elektroniki<\/li><li>agresja w stosunku do innych dzieci<\/li><li>\u015bmier\u0107 domowego zwierzaka<\/li><li>niech\u0119\u0107 dziecka do ruchu, sportu, spacer\u00f3w<\/li><li>zmiana miejsca zamieszkania, sprzeda\u017c domu<\/li><li>wyjazd dziecka z rodzicami do innego kraju bez znajomo\u015bci j\u0119zyka<\/li><li>rozw\u00f3d rodzic\u00f3w<\/li><li>agresja dziecka w stosunku do dziadk\u00f3w<\/li><li>\u015bmier\u0107 cz\u0142onka rodziny<\/li><li>l\u0119k przed zwierz\u0119tami<\/li><li>brak ch\u0119ci dziecka do samodzielnej zabawy<\/li><li>agresywne zachowania koleg\u00f3w w stosunku do dziecka<\/li><li>l\u0119k przed podr\u00f3\u017c\u0105 samolotem<\/li><li>ignorowanie zakaz\u00f3w i nakaz\u00f3w opiekun\u00f3w<\/li><li>niech\u0119\u0107 dziecka do jedzenia warzyw i owoc\u00f3w<\/li><li>trudno\u015bci dziecka w zasypianiu<\/li><li>dziecko nie czuje si\u0119 akceptowane przez inne dzieci<\/li><li>niech\u0119\u0107 dziecka do przedszkola<\/li><li>dziecko nie akceptuje swojego cia\u0142a<\/li><\/ul>\n\n\n\n<p>Powy\u017csze to tylko przyk\u0142adowe tematy. Prosz\u0119, nie sugeruj si\u0119 nimi za bardzo.<\/p>\n\n\n\n<p>Ksi\u0105\u017cka zostanie napisana dla twojego dziecka, w scenerii i z bohaterami, kt\u00f3re ty wybierzesz i w oparciu o to, z czym dok\u0142adnie boryka si\u0119 twoje dziecko.<\/p>\n\n\n\n<p>O autorce:<\/p>\n\n\n\n<p>Agata Kotiuszko &#8211; psycholog, terapeutka, autorka, mama.<\/p>\n\n\n\n<p>Przez wiele lat pracowa\u0142am w telefonie zaufania dla dzieci i m\u0142odzie\u017cy, prowadzi\u0142am w szko\u0142ach warsztaty dla dzieci z tzw. mi\u0119kkich umiej\u0119tno\u015bci spo\u0142ecznych, pisa\u0142am bajki, opowiadania i artyku\u0142y do czasopism drukowanych i elektronicznych<\/p>\n\n\n\n<p>PS. Nie por\u00f3wnuj ceny indywidualnej ksi\u0105\u017cki dla twojego dziecka do cen ksi\u0105\u017cek dla dzieci. Por\u00f3wnaj j\u0105 do ceny spotkania z psychoterapeut\u0105<\/p>\n","protected":false},"excerpt":{"rendered":"<p>Bajka terapeutyczna, to bajka kt\u00f3rej zadaniem jest zaopiekowa\u0107 si\u0119 problemem dziecka oraz pom\u00f3c opiekunom we wsp\u00f3lnym rozwi\u0105zaniu problemu razem z dzieckiem. Napisanie bajki poprzedza rozmowa autorki z opiekunem dziecka. Dopytuj\u0119 &#8230;<\/p>\n","protected":false},"author":1,"featured_media":20,"parent":0,"menu_order":0,"comment_status":"closed","ping_status":"closed","template":"","meta":{"footnotes":""},"class_list":["post-8","page","type-page","status-publish","has-post-thumbnail","hentry"],"_links":{"self":[{"href":"https:\/\/kotiuszko.pl\/index.php?rest_route=\/wp\/v2\/pages\/8","targetHints":{"allow":["GET"]}}],"collection":[{"href":"https:\/\/kotiuszko.pl\/index.php?rest_route=\/wp\/v2\/pages"}],"about":[{"href":"https:\/\/kotiuszko.pl\/index.php?rest_route=\/wp\/v2\/types\/page"}],"author":[{"embeddable":true,"href":"https:\/\/kotiuszko.pl\/index.php?rest_route=\/wp\/v2\/users\/1"}],"replies":[{"embeddable":true,"href":"https:\/\/kotiuszko.pl\/index.php?rest_route=%2Fwp%2Fv2%2Fcomments&post=8"}],"version-history":[{"count":2,"href":"https:\/\/kotiuszko.pl\/index.php?rest_route=\/wp\/v2\/pages\/8\/revisions"}],"predecessor-version":[{"id":1481,"href":"https:\/\/kotiuszko.pl\/index.php?rest_route=\/wp\/v2\/pages\/8\/revisions\/1481"}],"wp:featuredmedia":[{"embeddable":true,"href":"https:\/\/kotiuszko.pl\/index.php?rest_route=\/wp\/v2\/media\/20"}],"wp:attachment":[{"href":"https:\/\/kotiuszko.pl\/index.php?rest_route=%2Fwp%2Fv2%2Fmedia&parent=8"}],"curies":[{"name":"wp","href":"https:\/\/api.w.org\/{rel}","templated":true}]}}